{"id":41,"date":"2021-01-06T09:01:00","date_gmt":"2021-01-06T08:01:00","guid":{"rendered":"https:\/\/www.crstremosna.cz\/?page_id=41"},"modified":"2021-01-06T09:01:00","modified_gmt":"2021-01-06T08:01:00","slug":"prace-s-detmi","status":"publish","type":"page","link":"https:\/\/www.crstremosna.cz\/?page_id=41","title":{"rendered":"Pr\u00e1ce s d\u011btmi"},"content":{"rendered":"\n<p>V sou\u010dasn\u00e9 dob\u011b pracuje p\u0159i MO T\u0159emo\u0161n\u00e1 jeden ryb\u00e1\u0159sk\u00fd krou\u017eek v T\u0159emo\u0161n\u00e9. \u010cinnost krou\u017eku prob\u00edh\u00e1 v\u017edy v pr\u016fb\u011bhu \u0161koln\u00edho roku. D\u011bti se mohou do krou\u017eku p\u0159ihl\u00e1sit p\u0159es DDM, kter\u00e9 v\u011bt\u0161inou um\u00eds\u0165uj\u00ed nab\u00eddku krou\u017ek\u016f do Z\u0160.<br><\/p>\n\n\n\n<p>Druhou mo\u017enost\u00ed je kontaktov\u00e1n\u00ed vedouc\u00edho krou\u017eku :<br>Jan Mart\u00ednek\u00a0\u00a0\u00a0\u00a0\u00a0\u00a0\u00a0\u00a0\u00a0 tel: 721519705<\/p>\n\n\n\n<p>Dal\u0161\u00ed aktivitou MO je po\u0159\u00e1d\u00e1n\u00ed ryb\u00e1\u0159sk\u00e9ho t\u00e1bora ml\u00e1de\u017ee, kter\u00fd se kon\u00e1 po\u010d\u00e1tkem pr\u00e1zdnin u rybn\u00edka &#8222;Hroznata&#8220; v k. \u00fa. Podmokly u \u00dan\u011b\u0161ova. Ka\u017edoro\u010dn\u011b se \u00fa\u010dastn\u00ed kolem dvaceti d\u011bt\u00ed a hlavn\u00ed n\u00e1pln\u00ed t\u00e1bora je samoz\u0159ejm\u011b ryba\u0159en\u00ed.<\/p>\n","protected":false},"excerpt":{"rendered":"<p>V sou\u010dasn\u00e9 dob\u011b pracuje p\u0159i MO T\u0159emo\u0161n\u00e1 jeden ryb\u00e1\u0159sk\u00fd krou\u017eek v T\u0159emo\u0161n\u00e9. \u010cinnost krou\u017eku prob\u00edh\u00e1 v\u017edy v pr\u016fb\u011bhu \u0161koln\u00edho roku. D\u011bti se mohou do krou\u017eku p\u0159ihl\u00e1sit p\u0159es DDM, kter\u00e9 v\u011bt\u0161inou um\u00eds\u0165uj\u00ed nab\u00eddku krou\u017ek\u016f do Z\u0160. Druhou mo\u017enost\u00ed je kontaktov\u00e1n\u00ed vedouc\u00edho krou\u017eku :Jan Mart\u00ednek\u00a0\u00a0\u00a0\u00a0\u00a0\u00a0\u00a0\u00a0\u00a0 tel: 721519705 Dal\u0161\u00ed aktivitou MO je po\u0159\u00e1d\u00e1n\u00ed ryb\u00e1\u0159sk\u00e9ho t\u00e1bora ml\u00e1de\u017ee, kter\u00fd se &hellip; <a href=\"https:\/\/www.crstremosna.cz\/?page_id=41\" class=\"more-link\">Pokra\u010dovat ve \u010dten\u00ed<span class=\"screen-reader-text\"> &#8222;Pr\u00e1ce s d\u011btmi&#8220;<\/span><\/a><\/p>\n","protected":false},"author":1,"featured_media":0,"parent":0,"menu_order":0,"comment_status":"closed","ping_status":"closed","template":"","meta":[],"_links":{"self":[{"href":"https:\/\/www.crstremosna.cz\/index.php?rest_route=\/wp\/v2\/pages\/41"}],"collection":[{"href":"https:\/\/www.crstremosna.cz\/index.php?rest_route=\/wp\/v2\/pages"}],"about":[{"href":"https:\/\/www.crstremosna.cz\/index.php?rest_route=\/wp\/v2\/types\/page"}],"author":[{"embeddable":true,"href":"https:\/\/www.crstremosna.cz\/index.php?rest_route=\/wp\/v2\/users\/1"}],"replies":[{"embeddable":true,"href":"https:\/\/www.crstremosna.cz\/index.php?rest_route=%2Fwp%2Fv2%2Fcomments&post=41"}],"version-history":[{"count":1,"href":"https:\/\/www.crstremosna.cz\/index.php?rest_route=\/wp\/v2\/pages\/41\/revisions"}],"predecessor-version":[{"id":42,"href":"https:\/\/www.crstremosna.cz\/index.php?rest_route=\/wp\/v2\/pages\/41\/revisions\/42"}],"wp:attachment":[{"href":"https:\/\/www.crstremosna.cz\/index.php?rest_route=%2Fwp%2Fv2%2Fmedia&parent=41"}],"curies":[{"name":"wp","href":"https:\/\/api.w.org\/{rel}","templated":true}]}}