{"id":29,"date":"2021-01-06T08:43:08","date_gmt":"2021-01-06T07:43:08","guid":{"rendered":"https:\/\/www.crstremosna.cz\/?page_id=29"},"modified":"2024-01-23T09:08:57","modified_gmt":"2024-01-23T08:08:57","slug":"kontakty","status":"publish","type":"page","link":"https:\/\/www.crstremosna.cz\/?page_id=29","title":{"rendered":"Kontakty"},"content":{"rendered":"\n<p class=\"has-text-align-center\"><a href=\"mailto:crs.tremosna@centrum.cz\">crs.tremosna@centrum.cz<\/a><\/p>\n\n\n\n<figure class=\"wp-block-table is-style-stripes\"><table><tbody><tr><td><strong>Jm\u00e9no<\/strong><\/td><td><strong>Funkce, pr\u00e1ce v MO<\/strong><\/td><td><strong>Telefon<\/strong><\/td><\/tr><tr><td>Jan B\u011blohradsk\u00fd<\/td><td>P\u0159edseda, spr\u00e1vce IS, povolenky<\/td><td>606 430 403<\/td><\/tr><tr><td>Petr \u017di\u017eka<\/td><td>Jednatel<\/td><td><\/td><\/tr><tr><td>Ivan Sirochman<\/td><td>M\u00edstop\u0159edseda, d\u011btsk\u00e9 povolenky<\/td><td>775 335 605<\/td><\/tr><tr><td>Petr Koko\u0161ka<\/td><td>Hospod\u00e1\u0159<\/td><td>730 196 198<\/td><\/tr><tr><td>Jarom\u00edr Zeithaml<\/td><td>\u00da\u010detn\u00ed<\/td><td><\/td><\/tr><tr><td>Jan Mart\u00ednek<\/td><td>Vedouc\u00ed ryb. krou\u017eku, povolenky<\/td><td>721 519 705<\/td><\/tr><\/tbody><\/table><\/figure>\n","protected":false},"excerpt":{"rendered":"<p>crs.tremosna@centrum.cz Jm\u00e9no Funkce, pr\u00e1ce v MO Telefon Jan B\u011blohradsk\u00fd P\u0159edseda, spr\u00e1vce IS, povolenky 606 430 403 Petr \u017di\u017eka Jednatel Ivan Sirochman M\u00edstop\u0159edseda, d\u011btsk\u00e9 povolenky 775 335 605 Petr Koko\u0161ka Hospod\u00e1\u0159 730 196 198 Jarom\u00edr Zeithaml \u00da\u010detn\u00ed Jan Mart\u00ednek Vedouc\u00ed ryb. krou\u017eku, povolenky 721 519 705<\/p>\n","protected":false},"author":1,"featured_media":0,"parent":0,"menu_order":0,"comment_status":"closed","ping_status":"closed","template":"","meta":[],"_links":{"self":[{"href":"https:\/\/www.crstremosna.cz\/index.php?rest_route=\/wp\/v2\/pages\/29"}],"collection":[{"href":"https:\/\/www.crstremosna.cz\/index.php?rest_route=\/wp\/v2\/pages"}],"about":[{"href":"https:\/\/www.crstremosna.cz\/index.php?rest_route=\/wp\/v2\/types\/page"}],"author":[{"embeddable":true,"href":"https:\/\/www.crstremosna.cz\/index.php?rest_route=\/wp\/v2\/users\/1"}],"replies":[{"embeddable":true,"href":"https:\/\/www.crstremosna.cz\/index.php?rest_route=%2Fwp%2Fv2%2Fcomments&post=29"}],"version-history":[{"count":5,"href":"https:\/\/www.crstremosna.cz\/index.php?rest_route=\/wp\/v2\/pages\/29\/revisions"}],"predecessor-version":[{"id":150,"href":"https:\/\/www.crstremosna.cz\/index.php?rest_route=\/wp\/v2\/pages\/29\/revisions\/150"}],"wp:attachment":[{"href":"https:\/\/www.crstremosna.cz\/index.php?rest_route=%2Fwp%2Fv2%2Fmedia&parent=29"}],"curies":[{"name":"wp","href":"https:\/\/api.w.org\/{rel}","templated":true}]}}