{"id":129,"date":"2023-03-02T08:35:00","date_gmt":"2023-03-02T07:35:00","guid":{"rendered":"https:\/\/www.crstremosna.cz\/?page_id=129"},"modified":"2023-05-15T11:47:14","modified_gmt":"2023-05-15T10:47:14","slug":"publicita-projektu-z-op-rybarstvi-cerpani-dotaci","status":"publish","type":"page","link":"https:\/\/www.crstremosna.cz\/?page_id=129","title":{"rendered":"Publicita projekt\u016f z OP Ryb\u00e1\u0159stv\u00ed &#8211; \u010derp\u00e1n\u00ed dotac\u00ed"},"content":{"rendered":"\n<p style=\"font-size:34px\"><strong>\u010c\u00edslo projektu:     CZ.10.2.102\/2.2\/1.0\/20_018\/0001222<\/strong><\/p>\n\n\n\n<p class=\"has-medium-font-size\"><strong>N\u00e1zev projektu:    Modernizace vybaven\u00ed II.<\/strong><\/p>\n\n\n\n<p><strong>C\u00edl projektu:<\/strong> Zachov\u00e1n\u00ed udr\u017eiteln\u00e9 produkce ryb z tradi\u010dn\u00ed akvakultury<\/p>\n\n\n\n<p><strong>V\u00fdsledek projektu:<\/strong> V\u00fdsledkem projektu je oplocen\u00ed are\u00e1lu a n\u00e1kup techniky k \u00fadr\u017eb\u011b rybn\u00edk\u016f, are\u00e1lu MO a zlep\u0161en\u00ed podm\u00ednek pro ryby p\u0159i v\u00fdlovech a jejich n\u00e1sledn\u00e9m p\u0159evozu. <\/p>\n\n\n\n<figure class=\"wp-block-image size-large\"><img loading=\"lazy\" width=\"569\" height=\"203\" src=\"https:\/\/www.crstremosna.cz\/wp-content\/uploads\/2023\/05\/image.png\" alt=\"\" class=\"wp-image-130\" srcset=\"https:\/\/www.crstremosna.cz\/wp-content\/uploads\/2023\/05\/image.png 569w, https:\/\/www.crstremosna.cz\/wp-content\/uploads\/2023\/05\/image-300x107.png 300w\" sizes=\"(max-width: 569px) 85vw, 569px\" \/><\/figure>\n\n\n\n<p><\/p>\n\n\n\n<p><\/p>\n\n\n\n<p><\/p>\n\n\n\n<p><\/p>\n\n\n\n<p style=\"font-size:33px\"><strong>\u010c\u00edslo projektu:    CZ.10.2.102\/2.2\/1.0\/16_005\/0000325<\/strong><\/p>\n\n\n\n<p class=\"has-medium-font-size\"><strong>N\u00e1zev projektu:    Modernizace vybaven\u00ed<\/strong><\/p>\n\n\n\n<p><strong>C\u00edl projektu:<\/strong> Zv\u00fd\u0161en\u00ed konkurenceschopnosti ryb\u00e1\u0159sk\u00fdch podnik\u016f prost\u0159ednictv\u00edm technologick\u00e9ho rozvoje. <\/p>\n\n\n\n<p><strong>V\u00fdsledek projektu:<\/strong> V\u00fdsledkem projektu je n\u00e1kup techniky nutn\u00e9 pro zabezpe\u010den\u00ed celoro\u010dn\u00edho provozu rybni\u010dn\u00edho hospod\u00e1\u0159stv\u00ed \u010cRS MO T\u0159emo\u0161n\u00e1.<\/p>\n\n\n\n<figure class=\"wp-block-image size-large\"><img loading=\"lazy\" width=\"569\" height=\"203\" src=\"https:\/\/www.crstremosna.cz\/wp-content\/uploads\/2023\/05\/image-1.png\" alt=\"\" class=\"wp-image-131\" srcset=\"https:\/\/www.crstremosna.cz\/wp-content\/uploads\/2023\/05\/image-1.png 569w, https:\/\/www.crstremosna.cz\/wp-content\/uploads\/2023\/05\/image-1-300x107.png 300w\" sizes=\"(max-width: 569px) 85vw, 569px\" \/><\/figure>\n","protected":false},"excerpt":{"rendered":"<p>\u010c\u00edslo projektu: CZ.10.2.102\/2.2\/1.0\/20_018\/0001222 N\u00e1zev projektu: Modernizace vybaven\u00ed II. C\u00edl projektu: Zachov\u00e1n\u00ed udr\u017eiteln\u00e9 produkce ryb z tradi\u010dn\u00ed akvakultury V\u00fdsledek projektu: V\u00fdsledkem projektu je oplocen\u00ed are\u00e1lu a n\u00e1kup techniky k \u00fadr\u017eb\u011b rybn\u00edk\u016f, are\u00e1lu MO a zlep\u0161en\u00ed podm\u00ednek pro ryby p\u0159i v\u00fdlovech a jejich n\u00e1sledn\u00e9m p\u0159evozu. \u010c\u00edslo projektu: CZ.10.2.102\/2.2\/1.0\/16_005\/0000325 N\u00e1zev projektu: Modernizace vybaven\u00ed C\u00edl projektu: Zv\u00fd\u0161en\u00ed konkurenceschopnosti ryb\u00e1\u0159sk\u00fdch &hellip; <a href=\"https:\/\/www.crstremosna.cz\/?page_id=129\" class=\"more-link\">Pokra\u010dovat ve \u010dten\u00ed<span class=\"screen-reader-text\"> &#8222;Publicita projekt\u016f z OP Ryb\u00e1\u0159stv\u00ed &#8211; \u010derp\u00e1n\u00ed dotac\u00ed&#8220;<\/span><\/a><\/p>\n","protected":false},"author":1,"featured_media":0,"parent":0,"menu_order":0,"comment_status":"closed","ping_status":"closed","template":"","meta":[],"_links":{"self":[{"href":"https:\/\/www.crstremosna.cz\/index.php?rest_route=\/wp\/v2\/pages\/129"}],"collection":[{"href":"https:\/\/www.crstremosna.cz\/index.php?rest_route=\/wp\/v2\/pages"}],"about":[{"href":"https:\/\/www.crstremosna.cz\/index.php?rest_route=\/wp\/v2\/types\/page"}],"author":[{"embeddable":true,"href":"https:\/\/www.crstremosna.cz\/index.php?rest_route=\/wp\/v2\/users\/1"}],"replies":[{"embeddable":true,"href":"https:\/\/www.crstremosna.cz\/index.php?rest_route=%2Fwp%2Fv2%2Fcomments&post=129"}],"version-history":[{"count":3,"href":"https:\/\/www.crstremosna.cz\/index.php?rest_route=\/wp\/v2\/pages\/129\/revisions"}],"predecessor-version":[{"id":138,"href":"https:\/\/www.crstremosna.cz\/index.php?rest_route=\/wp\/v2\/pages\/129\/revisions\/138"}],"wp:attachment":[{"href":"https:\/\/www.crstremosna.cz\/index.php?rest_route=%2Fwp%2Fv2%2Fmedia&parent=129"}],"curies":[{"name":"wp","href":"https:\/\/api.w.org\/{rel}","templated":true}]}}